{"id":7,"date":"2023-09-07T04:38:24","date_gmt":"2023-09-07T04:38:24","guid":{"rendered":"https:\/\/jamparty.de\/?page_id=7"},"modified":"2025-12-23T11:12:58","modified_gmt":"2025-12-23T11:12:58","slug":"willkommen","status":"publish","type":"page","link":"https:\/\/jamparty.de\/","title":{"rendered":"Willkommen"},"content":{"rendered":"\n<p><\/p>\n\n\n\n<p><\/p>\n\n\n\n<p><\/p>\n\n\n\n<p><strong>2025 gibt es leider keine Jamparty, Sorry !<\/strong><\/p>\n\n\n\n<p><strong>Jamparty? Was soll das sein?<\/strong><\/p>\n\n\n\n<p>Auf dieser privaten (!) Party wird gejamt, d.h. Musik gemacht mit allen die dazu Lust haben und diejenigen, die keine Lust haben k\u00f6nnen sich in andere R\u00e4umlichkeiten zur\u00fcck ziehen und weiter &#8222;schnacken&#8220; und die leckeren Sachen genie\u00dfen.<br>Da viele meiner Freunde Musiker sind oder in irgendeiner Form gern singen und mit Musik zu tun haben k\u00f6nnen wir an diesem Abend Songs zusammen spielen und singen. Einiges wird vorbereitet sein am vieles kann sich auch spontan ergeben. Heavy Metal und derartiges wird nicht dabei sein.<br>Mehr dazu sp\u00e4ter auf einer weiteren Seite.<\/p>\n\n\n\n<p>Impressum:<br>Verantwortlich f\u00fcr den Inhalt dieser Webseite ist:<\/p>\n\n\n\n<p>J\u00f6rg Amman<br>Winterstra\u00dfe 23<br>28215 Bremen<br>Kontakt: <\/p>\n\n\n\n<figure class=\"wp-block-image size-full\"><img loading=\"lazy\" decoding=\"async\" width=\"151\" height=\"23\" src=\"https:\/\/jamparty.de\/wp-content\/uploads\/2023\/09\/eMail-Adresse-gmx_v01.jpg\" alt=\"So k\u00f6nnen Sie mich erreichen.\" class=\"wp-image-14\"\/><\/figure>\n\n\n\n<p><a href=\"https:\/\/jamparty.de\/?page_id=18\" data-type=\"page\" data-id=\"18\">Datenschutzerkl\u00e4rung<\/a><\/p>\n\n\n\n<p><\/p>\n","protected":false},"excerpt":{"rendered":"<p>2025 gibt es leider keine Jamparty, Sorry ! Jamparty? Was soll das sein? Auf dieser privaten (!) Party wird gejamt, d.h. Musik gemacht mit allen die dazu Lust haben und diejenigen, die keine Lust haben k\u00f6nnen sich in andere R\u00e4umlichkeiten zur\u00fcck ziehen und weiter &#8222;schnacken&#8220; und die leckeren Sachen genie\u00dfen.Da viele meiner Freunde Musiker sind [&hellip;]<\/p>\n","protected":false},"author":1,"featured_media":0,"parent":0,"menu_order":1,"comment_status":"closed","ping_status":"closed","template":"","meta":{"footnotes":""},"class_list":["post-7","page","type-page","status-publish","hentry"],"_links":{"self":[{"href":"https:\/\/jamparty.de\/index.php?rest_route=\/wp\/v2\/pages\/7","targetHints":{"allow":["GET"]}}],"collection":[{"href":"https:\/\/jamparty.de\/index.php?rest_route=\/wp\/v2\/pages"}],"about":[{"href":"https:\/\/jamparty.de\/index.php?rest_route=\/wp\/v2\/types\/page"}],"author":[{"embeddable":true,"href":"https:\/\/jamparty.de\/index.php?rest_route=\/wp\/v2\/users\/1"}],"replies":[{"embeddable":true,"href":"https:\/\/jamparty.de\/index.php?rest_route=%2Fwp%2Fv2%2Fcomments&post=7"}],"version-history":[{"count":7,"href":"https:\/\/jamparty.de\/index.php?rest_route=\/wp\/v2\/pages\/7\/revisions"}],"predecessor-version":[{"id":28,"href":"https:\/\/jamparty.de\/index.php?rest_route=\/wp\/v2\/pages\/7\/revisions\/28"}],"wp:attachment":[{"href":"https:\/\/jamparty.de\/index.php?rest_route=%2Fwp%2Fv2%2Fmedia&parent=7"}],"curies":[{"name":"wp","href":"https:\/\/api.w.org\/{rel}","templated":true}]}}